{"id":1483,"date":"2023-05-15T17:42:09","date_gmt":"2023-05-15T17:42:09","guid":{"rendered":"https:\/\/niederwald.info\/?page_id=1483"},"modified":"2023-05-15T17:44:19","modified_gmt":"2023-05-15T17:44:19","slug":"muellcontainer-2","status":"publish","type":"page","link":"https:\/\/niederwald.info\/?page_id=1483","title":{"rendered":"M\u00fcllcontainer"},"content":{"rendered":"<p>[et_pb_section fb_built=&#8220;1&#8243; _builder_version=&#8220;4.16&#8243; _module_preset=&#8220;default&#8220; custom_padding=&#8220;|1px||||&#8220; global_colors_info=&#8220;{}&#8220; theme_builder_area=&#8220;post_content&#8220;][et_pb_row _builder_version=&#8220;4.18.0&#8243; _module_preset=&#8220;default&#8220; width=&#8220;101%&#8220; custom_margin=&#8220;|0px||0px|false|false&#8220; custom_padding=&#8220;0px|0px|||false|false&#8220; global_colors_info=&#8220;{}&#8220; theme_builder_area=&#8220;post_content&#8220;][et_pb_column type=&#8220;4_4&#8243; _builder_version=&#8220;4.18.0&#8243; _module_preset=&#8220;default&#8220; global_colors_info=&#8220;{}&#8220; theme_builder_area=&#8220;post_content&#8220;][et_pb_image src=&#8220;https:\/\/niederwald.info\/wp-content\/uploads\/2022\/09\/header001.png&#8220; title_text=&#8220;header001&#8243; _builder_version=&#8220;4.18.0&#8243; _module_preset=&#8220;default&#8220; global_colors_info=&#8220;{}&#8220; theme_builder_area=&#8220;post_content&#8220;][\/et_pb_image][\/et_pb_column][\/et_pb_row][et_pb_row _builder_version=&#8220;4.16&#8243; _module_preset=&#8220;default&#8220; global_colors_info=&#8220;{}&#8220; theme_builder_area=&#8220;post_content&#8220;][et_pb_column type=&#8220;4_4&#8243; _builder_version=&#8220;4.16&#8243; _module_preset=&#8220;default&#8220; global_colors_info=&#8220;{}&#8220; theme_builder_area=&#8220;post_content&#8220;][et_pb_text _builder_version=&#8220;4.21.0&#8243; _module_preset=&#8220;default&#8220; text_font=&#8220;Bree Serif||||||||&#8220; text_font_size=&#8220;28px&#8220; text_orientation=&#8220;center&#8220; hover_enabled=&#8220;0&#8243; box_shadow_style=&#8220;preset3&#8243; box_shadow_spread=&#8220;-9px&#8220; box_shadow_color=&#8220;#e09100&#8243; global_colors_info=&#8220;{}&#8220; theme_builder_area=&#8220;post_content&#8220; sticky_enabled=&#8220;0&#8243;]<\/p>\n<p>Neuer Standort Altglascontainer<\/p>\n<p>[\/et_pb_text][\/et_pb_column][\/et_pb_row][et_pb_row _builder_version=&#8220;4.16&#8243; _module_preset=&#8220;default&#8220; global_colors_info=&#8220;{}&#8220; theme_builder_area=&#8220;post_content&#8220;][et_pb_column type=&#8220;4_4&#8243; _builder_version=&#8220;4.16&#8243; _module_preset=&#8220;default&#8220; global_colors_info=&#8220;{}&#8220; theme_builder_area=&#8220;post_content&#8220;][et_pb_text _builder_version=&#8220;4.21.0&#8243; _module_preset=&#8220;default&#8220; text_font=&#8220;Verdana||||||||&#8220; hover_enabled=&#8220;0&#8243; global_colors_info=&#8220;{}&#8220; theme_builder_area=&#8220;post_content&#8220; sticky_enabled=&#8220;0&#8243;]<\/p>\n<p>Aufgrund der in Zukunft anstehenden Umbauarbeiten am B\u00fcrgerhaus und der Erweiterung des Feuerwehrger\u00e4tehauses werden weitere Parkpl\u00e4tze ben\u00f6tigt. Daher wurde bereits im letzten Jahr durch die Stadt und den Ortsbeirat beschlossen, die Altglascontainer zu versetzen. Diese sind seit dem 12. Mai 2023 am Sportplatz untergebracht und wurden um einen zus\u00e4tzlichen Altglascontainer erweitert.<br \/>Wir bitten h\u00f6flichst darum, dass das Altglas nicht am alten Standort abgestellt wird.<\/p>\n<p>[\/et_pb_text][\/et_pb_column][\/et_pb_row][et_pb_row _builder_version=&#8220;4.21.0&#8243; _module_preset=&#8220;default&#8220; theme_builder_area=&#8220;post_content&#8220;][et_pb_column _builder_version=&#8220;4.21.0&#8243; _module_preset=&#8220;default&#8220; type=&#8220;4_4&#8243; theme_builder_area=&#8220;post_content&#8220;][et_pb_image src=&#8220;https:\/\/niederwald.info\/wp-content\/uploads\/2023\/05\/muellcontainer.jpg&#8220; _builder_version=&#8220;4.21.0&#8243; _module_preset=&#8220;default&#8220; theme_builder_area=&#8220;post_content&#8220; title_text=&#8220;m\u00fcllcontainer&#8220; hover_enabled=&#8220;0&#8243; sticky_enabled=&#8220;0&#8243;][\/et_pb_image][\/et_pb_column][\/et_pb_row][et_pb_row _builder_version=&#8220;4.18.0&#8243; _module_preset=&#8220;default&#8220; global_colors_info=&#8220;{}&#8220; theme_builder_area=&#8220;post_content&#8220;][et_pb_column type=&#8220;4_4&#8243; _builder_version=&#8220;4.18.0&#8243; _module_preset=&#8220;default&#8220; global_colors_info=&#8220;{}&#8220; theme_builder_area=&#8220;post_content&#8220;][et_pb_divider _builder_version=&#8220;4.18.0&#8243; _module_preset=&#8220;default&#8220; global_colors_info=&#8220;{}&#8220; theme_builder_area=&#8220;post_content&#8220;][\/et_pb_divider][\/et_pb_column][\/et_pb_row][\/et_pb_section]<\/p>\n","protected":false},"excerpt":{"rendered":"<p>Neuer Standort AltglascontainerAufgrund der in Zukunft anstehenden Umbauarbeiten am B\u00fcrgerhaus und der Erweiterung des Feuerwehrger\u00e4tehauses werden weitere Parkpl\u00e4tze ben\u00f6tigt. Daher wurde bereits im letzten Jahr durch die Stadt und den Ortsbeirat beschlossen, die Altglascontainer zu versetzen. Diese sind seit dem 12. Mai 2023 am Sportplatz untergebracht und wurden um einen zus\u00e4tzlichen Altglascontainer erweitert.Wir bitten h\u00f6flichst [&hellip;]<\/p>\n","protected":false},"author":1,"featured_media":0,"parent":0,"menu_order":0,"comment_status":"closed","ping_status":"closed","template":"","meta":{"_et_pb_use_builder":"on","_et_pb_old_content":"","_et_gb_content_width":"","footnotes":""},"class_list":["post-1483","page","type-page","status-publish","hentry"],"_links":{"self":[{"href":"https:\/\/niederwald.info\/index.php?rest_route=\/wp\/v2\/pages\/1483","targetHints":{"allow":["GET"]}}],"collection":[{"href":"https:\/\/niederwald.info\/index.php?rest_route=\/wp\/v2\/pages"}],"about":[{"href":"https:\/\/niederwald.info\/index.php?rest_route=\/wp\/v2\/types\/page"}],"author":[{"embeddable":true,"href":"https:\/\/niederwald.info\/index.php?rest_route=\/wp\/v2\/users\/1"}],"replies":[{"embeddable":true,"href":"https:\/\/niederwald.info\/index.php?rest_route=%2Fwp%2Fv2%2Fcomments&post=1483"}],"version-history":[{"count":2,"href":"https:\/\/niederwald.info\/index.php?rest_route=\/wp\/v2\/pages\/1483\/revisions"}],"predecessor-version":[{"id":1485,"href":"https:\/\/niederwald.info\/index.php?rest_route=\/wp\/v2\/pages\/1483\/revisions\/1485"}],"wp:attachment":[{"href":"https:\/\/niederwald.info\/index.php?rest_route=%2Fwp%2Fv2%2Fmedia&parent=1483"}],"curies":[{"name":"wp","href":"https:\/\/api.w.org\/{rel}","templated":true}]}}