{"id":2,"date":"2021-06-10T10:27:05","date_gmt":"2021-06-10T10:27:05","guid":{"rendered":"http:\/\/niederwald.info\/?page_id=2"},"modified":"2025-12-13T16:20:43","modified_gmt":"2025-12-13T16:20:43","slug":"sample-page","status":"publish","type":"page","link":"https:\/\/niederwald.info\/","title":{"rendered":"Startseite"},"content":{"rendered":"<p>[et_pb_section fb_built=&#8220;1&#8243; admin_label=&#8220; Get a Quote&#8220; _builder_version=&#8220;4.16&#8243; use_background_color_gradient=&#8220;on&#8220; background_color_gradient_stops=&#8220;#e0d1b5 0%|rgba(0,0,0,0) 100%&#8220; background_color_gradient_start=&#8220;#e0d1b5&#8243; background_color_gradient_end=&#8220;rgba(0,0,0,0)&#8220; custom_margin=&#8220;||-4px|||&#8220; custom_padding=&#8220;20px|0px|20px|0px|true|false&#8220; animation_style=&#8220;slide&#8220; animation_direction=&#8220;top&#8220; animation_intensity_slide=&#8220;10%&#8220; box_shadow_style=&#8220;preset3&#8243; box_shadow_vertical=&#8220;10px&#8220; box_shadow_blur=&#8220;105px&#8220; box_shadow_spread=&#8220;0px&#8220; box_shadow_color=&#8220;rgba(0,0,0,0.12)&#8220; global_colors_info=&#8220;{}&#8220;][et_pb_row _builder_version=&#8220;4.18.0&#8243; _module_preset=&#8220;default&#8220; width=&#8220;100%&#8220; custom_margin=&#8220;-20px||||false|false&#8220; custom_padding=&#8220;0px||0px||false|false&#8220; global_colors_info=&#8220;{}&#8220;][et_pb_column type=&#8220;4_4&#8243; _builder_version=&#8220;4.18.0&#8243; _module_preset=&#8220;default&#8220; global_colors_info=&#8220;{}&#8220;][et_pb_image src=&#8220;https:\/\/niederwald.info\/wp-content\/uploads\/2021\/07\/K1024_Niederwald-von-oben-2.jpg&#8220; title_text=&#8220;DCIM134MEDIA&#8220; _builder_version=&#8220;4.18.0&#8243; _module_preset=&#8220;default&#8220; global_colors_info=&#8220;{}&#8220;][\/et_pb_image][\/et_pb_column][\/et_pb_row][et_pb_row column_structure=&#8220;1_2,1_2&#8243; _builder_version=&#8220;4.18.0&#8243; _module_preset=&#8220;default&#8220; custom_margin=&#8220;|auto|-46px|auto||&#8220; global_colors_info=&#8220;{}&#8220;][et_pb_column type=&#8220;1_2&#8243; _builder_version=&#8220;4.18.0&#8243; _module_preset=&#8220;default&#8220; global_colors_info=&#8220;{}&#8220;][et_pb_text _builder_version=&#8220;4.18.0&#8243; _module_preset=&#8220;default&#8220; text_font=&#8220;Alata|700|||||||&#8220; text_font_size=&#8220;24px&#8220; global_colors_info=&#8220;{}&#8220;]<\/p>\n<p>Kurz &amp; Knapp<\/p>\n<p>[\/et_pb_text][\/et_pb_column][et_pb_column type=&#8220;1_2&#8243; _builder_version=&#8220;4.18.0&#8243; _module_preset=&#8220;default&#8220; global_colors_info=&#8220;{}&#8220;][et_pb_text _builder_version=&#8220;4.18.0&#8243; _module_preset=&#8220;default&#8220; text_font=&#8220;Alata|700|||||||&#8220; text_font_size=&#8220;24px&#8220; global_colors_info=&#8220;{}&#8220;]<\/p>\n<p>Infos<\/p>\n<p>[\/et_pb_text][\/et_pb_column][\/et_pb_row][et_pb_row column_structure=&#8220;1_2,1_2&#8243; _builder_version=&#8220;4.18.0&#8243; _module_preset=&#8220;default&#8220; global_colors_info=&#8220;{}&#8220;][et_pb_column type=&#8220;1_2&#8243; _builder_version=&#8220;4.18.0&#8243; _module_preset=&#8220;default&#8220; global_colors_info=&#8220;{}&#8220;][et_pb_text _builder_version=&#8220;4.27.4&#8243; _module_preset=&#8220;default&#8220; text_font=&#8220;Verdana||||||||&#8220; global_colors_info=&#8220;{}&#8220;]<\/p>\n<p>Niederwald stellt sich vor <a href=\"https:\/\/niederwald.info\/?page_id=77\">[mehr]<\/a><\/p>\n<p>Veranstaltungskalender 2026\/2027 im <a href=\"https:\/\/niederwald.info\/wp-content\/uploads\/2025\/12\/11-2025-Niederwaelder-Vereinskalender-2026.pdf\" rel=\"attachment wp-att-1624\">pdf-Format<\/a><\/p>\n<p>[\/et_pb_text][\/et_pb_column][et_pb_column type=&#8220;1_2&#8243; _builder_version=&#8220;4.18.0&#8243; _module_preset=&#8220;default&#8220; global_colors_info=&#8220;{}&#8220;][et_pb_text _builder_version=&#8220;4.27.4&#8243; _module_preset=&#8220;default&#8220; text_font=&#8220;Verdana||||||||&#8220; custom_padding=&#8220;0px|||||&#8220; global_colors_info=&#8220;{}&#8220;]<\/p>\n<p>Die n\u00e4chste Ortsbeiratssitzung findet am Mittwoch, den 09.01.2026 im DGH Niederwald statt <a href=\"https:\/\/niederwald.info\/wp-content\/uploads\/2025\/12\/Einladung-09.01.2026.pdf\" rel=\"attachment wp-att-1621\">(mehr)<\/a><a href=\"https:\/\/niederwald.info\/wp-content\/uploads\/2025\/04\/Einladung-11.04.2025.pdf\" rel=\"attachment wp-att-1608\"><\/a><a href=\"https:\/\/niederwald.info\/wp-content\/uploads\/2024\/11\/041124_Niederschrift-Sitzung-OB-Niederwald.pdf\" target=\"_blank\" rel=\"noopener\"><\/a><\/p>\n<p>Seit M\u00e4rz 2023 steht eine Geschwindigkeitstafel am Ortseingang <a href=\"https:\/\/niederwald.info\/?page_id=1451\">[mehr]<\/a><\/p>\n<p>Die Ausgaben des Kirchhainer Anzeigers gibt es <a href=\"https:\/\/www.kirchhain.de\/Verwaltung-Politik\/Service\/Kirchhainer-Anzeiger\/\" target=\"_blank\" rel=\"noopener\">[hier]<\/a><\/p>\n<p>M\u00fcllkalender 2025 <a href=\"https:\/\/www.kirchhain.de\/Verwaltung-Politik\/Service\/Ver-und-Entsorgung\/Abfallentsorgung-Sperrm%C3%BCll\/Abfall-Abfuhrkalender\/index.php?ort=2848.10&amp;call=sfm&amp;La=1&amp;css=&amp;bn=&amp;Barriere=&amp;sNavID=2848.94&amp;mNavID=2848.2&amp;ffmod=abf&amp;ffsm=1\" target=\"_blank\" rel=\"noopener\">[mehr]<\/a><\/p>\n<p>[\/et_pb_text][\/et_pb_column][\/et_pb_row][et_pb_row _builder_version=&#8220;4.18.0&#8243; _module_preset=&#8220;default&#8220; custom_padding=&#8220;||0px|||&#8220; global_colors_info=&#8220;{}&#8220;][et_pb_column type=&#8220;4_4&#8243; _builder_version=&#8220;4.18.0&#8243; _module_preset=&#8220;default&#8220; global_colors_info=&#8220;{}&#8220;][et_pb_divider _builder_version=&#8220;4.18.0&#8243; _module_preset=&#8220;default&#8220; global_colors_info=&#8220;{}&#8220;][\/et_pb_divider][\/et_pb_column][\/et_pb_row][et_pb_row _builder_version=&#8220;4.16&#8243; _module_preset=&#8220;default&#8220; custom_padding=&#8220;26px|||||&#8220; global_colors_info=&#8220;{}&#8220;][et_pb_column type=&#8220;4_4&#8243; _builder_version=&#8220;4.16&#8243; _module_preset=&#8220;default&#8220; global_colors_info=&#8220;{}&#8220;][et_pb_text _builder_version=&#8220;4.21.0&#8243; _module_preset=&#8220;default&#8220; text_font=&#8220;Verdana||||||||&#8220; global_colors_info=&#8220;{}&#8220;]<\/p>\n<p><span style=\"font-size: medium;\"><span style=\"font-size: x-large;\"><strong>N<\/strong><\/span>iederwald liegt unweit des Erlensees und des Kiesbaggergebietes in der weiten Ohmaue. Der erste urkundliche Nachweis existiert aus 1243. Berthold von Niederwald wird 1253 als Finanzverwalter des Klosters Haina genannt. Seit 1370 geh\u00f6rte das Dorf dem Hessischen Landgrafen. <\/span><\/p>\n<p><span style=\"font-size: medium;\">Die Kirche stand im 15. Jahrhundert unter dem Dekanat Am\u00f6neburg. Im Jahre 1502 werden in Niederwald 21 M\u00e4nner gez\u00e4hlt, 1846 sind es 389 Einwohner und heute leben dort ca. 860 Einwohner.\u00a0<\/span><\/p>\n<p><span style=\"font-size: medium;\">Niederwald z\u00e4hlt zum Landkreis Marburg &#8211; Biedenkopf<\/span><\/p>\n<p>[\/et_pb_text][\/et_pb_column][\/et_pb_row][et_pb_row _builder_version=&#8220;4.16&#8243; _module_preset=&#8220;default&#8220; global_colors_info=&#8220;{}&#8220;][et_pb_column type=&#8220;4_4&#8243; _builder_version=&#8220;4.16&#8243; _module_preset=&#8220;default&#8220; global_colors_info=&#8220;{}&#8220;][et_pb_image src=&#8220;https:\/\/niederwald.info\/wp-content\/uploads\/2021\/07\/K1024_bkcTvM9A.jpg&#8220; title_text=&#8220;K1024_bkcTvM9A&#8220; _builder_version=&#8220;4.16&#8243; _module_preset=&#8220;default&#8220; global_colors_info=&#8220;{}&#8220;][\/et_pb_image][\/et_pb_column][\/et_pb_row][et_pb_row _builder_version=&#8220;4.24.2&#8243; _module_preset=&#8220;default&#8220; global_colors_info=&#8220;{}&#8220;][et_pb_column type=&#8220;4_4&#8243; _builder_version=&#8220;4.24.2&#8243; _module_preset=&#8220;default&#8220; global_colors_info=&#8220;{}&#8220;][et_pb_image src=&#8220;https:\/\/niederwald.info\/wp-content\/uploads\/2024\/03\/Ostkreis-20.03.2024-Seite-5-1.png&#8220; title_text=&#8220;Ostkreis-20.03.2024-Seite-5-1&#8243; _builder_version=&#8220;4.24.2&#8243; _module_preset=&#8220;default&#8220; global_colors_info=&#8220;{}&#8220;][\/et_pb_image][\/et_pb_column][\/et_pb_row][et_pb_row _builder_version=&#8220;4.18.0&#8243; _module_preset=&#8220;default&#8220; global_colors_info=&#8220;{}&#8220;][et_pb_column type=&#8220;4_4&#8243; _builder_version=&#8220;4.18.0&#8243; _module_preset=&#8220;default&#8220; global_colors_info=&#8220;{}&#8220;][et_pb_divider _builder_version=&#8220;4.18.0&#8243; _module_preset=&#8220;default&#8220; global_colors_info=&#8220;{}&#8220;][\/et_pb_divider][\/et_pb_column][\/et_pb_row][\/et_pb_section]<\/p>\n","protected":false},"excerpt":{"rendered":"<p>Kurz &amp; KnappInfosNiederwald stellt sich vor [mehr] Veranstaltungskalender 2026\/2027 im pdf-FormatDie n\u00e4chste Ortsbeiratssitzung findet am Mittwoch, den 09.01.2026 im DGH Niederwald statt (mehr) Seit M\u00e4rz 2023 steht eine Geschwindigkeitstafel am Ortseingang [mehr] Die Ausgaben des Kirchhainer Anzeigers gibt es [hier] M\u00fcllkalender 2025 [mehr]Niederwald liegt unweit des Erlensees und des Kiesbaggergebietes in der weiten Ohmaue. Der [&hellip;]<\/p>\n","protected":false},"author":1,"featured_media":0,"parent":0,"menu_order":0,"comment_status":"closed","ping_status":"open","template":"","meta":{"_et_pb_use_builder":"on","_et_pb_old_content":"<!-- wp:paragraph -->\n<p>This is an example page. It's different from a blog post because it will stay in one place and will show up in your site navigation (in most themes). Most people start with an About page that introduces them to potential site visitors. It might say something like this:<\/p>\n<!-- \/wp:paragraph -->\n\n<!-- wp:quote -->\n<blockquote class=\"wp-block-quote\"><p>Hi there! I'm a bike messenger by day, aspiring actor by night, and this is my website. I live in Los Angeles, have a great dog named Jack, and I like pi\u00f1a coladas. (And gettin' caught in the rain.)<\/p><\/blockquote>\n<!-- \/wp:quote -->\n\n<!-- wp:paragraph -->\n<p>...or something like this:<\/p>\n<!-- \/wp:paragraph -->\n\n<!-- wp:quote -->\n<blockquote class=\"wp-block-quote\"><p>The XYZ Doohickey Company was founded in 1971, and has been providing quality doohickeys to the public ever since. Located in Gotham City, XYZ employs over 2,000 people and does all kinds of awesome things for the Gotham community.<\/p><\/blockquote>\n<!-- \/wp:quote -->\n\n<!-- wp:paragraph -->\n<p>As a new WordPress user, you should go to <a href=\"https:\/\/niederwald.info\/wp-admin\/\">your dashboard<\/a> to delete this page and create new pages for your content. Have fun!<\/p>\n<!-- \/wp:paragraph -->","_et_gb_content_width":"","footnotes":""},"class_list":["post-2","page","type-page","status-publish","hentry"],"_links":{"self":[{"href":"https:\/\/niederwald.info\/index.php?rest_route=\/wp\/v2\/pages\/2","targetHints":{"allow":["GET"]}}],"collection":[{"href":"https:\/\/niederwald.info\/index.php?rest_route=\/wp\/v2\/pages"}],"about":[{"href":"https:\/\/niederwald.info\/index.php?rest_route=\/wp\/v2\/types\/page"}],"author":[{"embeddable":true,"href":"https:\/\/niederwald.info\/index.php?rest_route=\/wp\/v2\/users\/1"}],"replies":[{"embeddable":true,"href":"https:\/\/niederwald.info\/index.php?rest_route=%2Fwp%2Fv2%2Fcomments&post=2"}],"version-history":[{"count":120,"href":"https:\/\/niederwald.info\/index.php?rest_route=\/wp\/v2\/pages\/2\/revisions"}],"predecessor-version":[{"id":1641,"href":"https:\/\/niederwald.info\/index.php?rest_route=\/wp\/v2\/pages\/2\/revisions\/1641"}],"wp:attachment":[{"href":"https:\/\/niederwald.info\/index.php?rest_route=%2Fwp%2Fv2%2Fmedia&parent=2"}],"curies":[{"name":"wp","href":"https:\/\/api.w.org\/{rel}","templated":true}]}}