{"id":391,"date":"2021-11-18T10:06:03","date_gmt":"2021-11-18T10:06:03","guid":{"rendered":"https:\/\/niederwald.info\/?page_id=391"},"modified":"2025-12-13T16:24:24","modified_gmt":"2025-12-13T16:24:24","slug":"niederschriften","status":"publish","type":"page","link":"https:\/\/niederwald.info\/?page_id=391","title":{"rendered":"Niederschriften"},"content":{"rendered":"<p>[et_pb_section fb_built=&#8220;1&#8243; _builder_version=&#8220;4.16&#8243; _module_preset=&#8220;default&#8220; global_colors_info=&#8220;{}&#8220;][et_pb_row _builder_version=&#8220;4.18.0&#8243; _module_preset=&#8220;default&#8220; width=&#8220;100%&#8220; custom_padding=&#8220;0px||||false|false&#8220; global_colors_info=&#8220;{}&#8220;][et_pb_column type=&#8220;4_4&#8243; _builder_version=&#8220;4.18.0&#8243; _module_preset=&#8220;default&#8220; global_colors_info=&#8220;{}&#8220;][et_pb_image src=&#8220;https:\/\/niederwald.info\/wp-content\/uploads\/2022\/09\/header001.png&#8220; title_text=&#8220;header001&#8243; _builder_version=&#8220;4.18.0&#8243; _module_preset=&#8220;default&#8220; global_colors_info=&#8220;{}&#8220;][\/et_pb_image][\/et_pb_column][\/et_pb_row][et_pb_row _builder_version=&#8220;4.16&#8243; _module_preset=&#8220;default&#8220; global_colors_info=&#8220;{}&#8220;][et_pb_column type=&#8220;4_4&#8243; _builder_version=&#8220;4.16&#8243; _module_preset=&#8220;default&#8220; global_colors_info=&#8220;{}&#8220;][et_pb_text _builder_version=&#8220;4.17.4&#8243; _module_preset=&#8220;default&#8220; text_font=&#8220;Bree Serif||||||||&#8220; text_font_size=&#8220;28px&#8220; text_orientation=&#8220;center&#8220; box_shadow_style=&#8220;preset3&#8243; box_shadow_spread=&#8220;-9px&#8220; box_shadow_color=&#8220;#e09100&#8243; global_colors_info=&#8220;{}&#8220;]<\/p>\n<p>Niederschriften der Ortsbeiratssitzungen<\/p>\n<p>[\/et_pb_text][\/et_pb_column][\/et_pb_row][et_pb_row column_structure=&#8220;1_5,1_5,1_5,1_5,1_5&#8243; _builder_version=&#8220;4.18.0&#8243; _module_preset=&#8220;default&#8220; global_colors_info=&#8220;{}&#8220;][et_pb_column type=&#8220;1_5&#8243; _builder_version=&#8220;4.18.0&#8243; _module_preset=&#8220;default&#8220; global_colors_info=&#8220;{}&#8220;][\/et_pb_column][et_pb_column type=&#8220;1_5&#8243; _builder_version=&#8220;4.18.0&#8243; _module_preset=&#8220;default&#8220; global_colors_info=&#8220;{}&#8220;][et_pb_blurb title=&#8220;Ortsbeiratssitzung am 22.10.2025&#8243; image=&#8220;https:\/\/niederwald.info\/wp-content\/uploads\/2021\/07\/niederwald-stein.jpg&#8220; _builder_version=&#8220;4.24.0&#8243; _module_preset=&#8220;default&#8220; header_font=&#8220;Verdana||||||||&#8220; header_font_size=&#8220;13px&#8220; body_font=&#8220;Verdana||||||||&#8220; body_font_size=&#8220;13px&#8220; text_orientation=&#8220;center&#8220; global_colors_info=&#8220;{}&#8220; theme_builder_area=&#8220;post_content&#8220;]<\/p>\n<p>Niederschrift <a href=\"https:\/\/niederwald.info\/wp-content\/uploads\/2025\/12\/Kirchhain-Niederwald-Ortsbeiratssitzung-Protokoll-2025-10-22.pdf\" target=\"_blank\" rel=\"noopener\">[mehr]<\/a><\/p>\n<p>[\/et_pb_blurb][\/et_pb_column][et_pb_column type=&#8220;1_5&#8243; _builder_version=&#8220;4.18.0&#8243; _module_preset=&#8220;default&#8220; global_colors_info=&#8220;{}&#8220;][et_pb_blurb title=&#8220;Ortsbeiratssitzung am 11.07.2025&#8243; image=&#8220;https:\/\/niederwald.info\/wp-content\/uploads\/2021\/07\/niederwald-stein.jpg&#8220; _builder_version=&#8220;4.27.4&#8243; _module_preset=&#8220;default&#8220; header_font=&#8220;Verdana||||||||&#8220; header_font_size=&#8220;13px&#8220; body_font=&#8220;Verdana||||||||&#8220; body_font_size=&#8220;13px&#8220; text_orientation=&#8220;center&#8220; global_colors_info=&#8220;{}&#8220;]<\/p>\n<p><a href=\"https:\/\/niederwald.info\/wp-content\/uploads\/2025\/10\/110725_Niederschrift-Sitzung-OB-Niederwald.pdf\" rel=\"attachment wp-att-1622\">Niederschrift<\/a><\/p>\n<p>[\/et_pb_blurb][\/et_pb_column][et_pb_column type=&#8220;1_5&#8243; _builder_version=&#8220;4.18.0&#8243; _module_preset=&#8220;default&#8220; global_colors_info=&#8220;{}&#8220;][et_pb_blurb title=&#8220;Ortsbeiratssitzung am 11.04.2025&#8243; image=&#8220;https:\/\/niederwald.info\/wp-content\/uploads\/2021\/07\/niederwald-stein.jpg&#8220; _builder_version=&#8220;4.27.4&#8243; _module_preset=&#8220;default&#8220; header_font=&#8220;Verdana||||||||&#8220; header_font_size=&#8220;13px&#8220; body_font=&#8220;Verdana||||||||&#8220; body_font_size=&#8220;13px&#8220; text_orientation=&#8220;center&#8220; global_colors_info=&#8220;{}&#8220;]<\/p>\n<p><a href=\"https:\/\/niederwald.info\/wp-content\/uploads\/2025\/10\/Niederschrift-Ortsbeiratssitzung-11.04.2025.pdf\" rel=\"attachment wp-att-1623\">Niederschrift<\/a><a href=\"https:\/\/niederwald.info\/wp-content\/uploads\/2024\/02\/090224_Niederschrift-Sitzung-OB-Niederwald_Homepage.pdf\" target=\"_blank\" rel=\"noopener\"><\/a><\/p>\n<p>[\/et_pb_blurb][\/et_pb_column][et_pb_column type=&#8220;1_5&#8243; _builder_version=&#8220;4.18.0&#8243; _module_preset=&#8220;default&#8220; global_colors_info=&#8220;{}&#8220;][et_pb_blurb title=&#8220;Ortsbeiratssitzung am 31.01.2025&#8243; image=&#8220;https:\/\/niederwald.info\/wp-content\/uploads\/2021\/07\/niederwald-stein.jpg&#8220; _builder_version=&#8220;4.27.4&#8243; _module_preset=&#8220;default&#8220; header_font=&#8220;Verdana||||||||&#8220; header_font_size=&#8220;13px&#8220; body_font=&#8220;Verdana||||||||&#8220; body_font_size=&#8220;13px&#8220; text_orientation=&#8220;center&#8220; global_colors_info=&#8220;{}&#8220;]<\/p>\n<p><a href=\"https:\/\/niederwald.info\/wp-content\/uploads\/2025\/04\/310125_Niederschrift-Sitzung-OB-Niederwald.pdf\" rel=\"attachment wp-att-1609\">Niederschrift<\/a><\/p>\n<p>[\/et_pb_blurb][\/et_pb_column][\/et_pb_row][et_pb_row column_structure=&#8220;1_5,1_5,1_5,1_5,1_5&#8243; _builder_version=&#8220;4.18.0&#8243; _module_preset=&#8220;default&#8220; global_colors_info=&#8220;{}&#8220;][et_pb_column type=&#8220;1_5&#8243; _builder_version=&#8220;4.18.0&#8243; _module_preset=&#8220;default&#8220; global_colors_info=&#8220;{}&#8220;][\/et_pb_column][et_pb_column type=&#8220;1_5&#8243; _builder_version=&#8220;4.18.0&#8243; _module_preset=&#8220;default&#8220; global_colors_info=&#8220;{}&#8220;][et_pb_blurb title=&#8220;Ortsbeiratssitzung am 04.11.2024&#8243; image=&#8220;https:\/\/niederwald.info\/wp-content\/uploads\/2021\/07\/niederwald-stein.jpg&#8220; _builder_version=&#8220;4.27.2&#8243; _module_preset=&#8220;default&#8220; header_font=&#8220;Verdana||||||||&#8220; header_font_size=&#8220;13px&#8220; body_font=&#8220;||||||||&#8220; body_font_size=&#8220;13px&#8220; text_orientation=&#8220;center&#8220; global_colors_info=&#8220;{}&#8220;]<\/p>\n<p>Niederschrift<a href=\"https:\/\/niederwald.info\/wp-content\/uploads\/2024\/11\/041124_Niederschrift-Sitzung-OB-Niederwald.pdf\" target=\"_blank\" rel=\"noopener\"> \u00a0[mehr]<\/a><\/p>\n<p>[\/et_pb_blurb][\/et_pb_column][et_pb_column type=&#8220;1_5&#8243; _builder_version=&#8220;4.18.0&#8243; _module_preset=&#8220;default&#8220; global_colors_info=&#8220;{}&#8220;][et_pb_blurb title=&#8220;Ortsbeiratssitzung am 20.09.2024&#8243; image=&#8220;https:\/\/niederwald.info\/wp-content\/uploads\/2021\/07\/niederwald-stein.jpg&#8220; _builder_version=&#8220;4.27.0&#8243; _module_preset=&#8220;default&#8220; header_font=&#8220;Verdana||||||||&#8220; header_font_size=&#8220;13px&#8220; body_font=&#8220;||||||||&#8220; body_font_size=&#8220;13px&#8220; text_orientation=&#8220;center&#8220; global_colors_info=&#8220;{}&#8220;]<\/p>\n<p>Niederschrift\u00a0<a href=\"https:\/\/niederwald.info\/wp-content\/uploads\/2024\/09\/200924_Niederschrift-Sitzung-OB-Niederwald_Homepage.pdf\" target=\"_blank\" rel=\"noopener\">[mehr]<\/a>\u00a0<\/p>\n<p>[\/et_pb_blurb][\/et_pb_column][et_pb_column type=&#8220;1_5&#8243; _builder_version=&#8220;4.18.0&#8243; _module_preset=&#8220;default&#8220; global_colors_info=&#8220;{}&#8220;][et_pb_blurb title=&#8220;Ortsbeiratssitzung am 03.06.2024&#8243; image=&#8220;https:\/\/niederwald.info\/wp-content\/uploads\/2021\/07\/niederwald-stein.jpg&#8220; _builder_version=&#8220;4.25.1&#8243; _module_preset=&#8220;default&#8220; header_font=&#8220;Verdana||||||||&#8220; header_font_size=&#8220;13px&#8220; body_font=&#8220;||||||||&#8220; body_font_size=&#8220;13px&#8220; text_orientation=&#8220;center&#8220; global_colors_info=&#8220;{}&#8220;]<\/p>\n<p>Niederschrift<a href=\"https:\/\/niederwald.info\/wp-content\/uploads\/2024\/06\/030624_Niederschrift-Sitzung-OB-Niederwald_Homepage.pdf\" target=\"_blank\" rel=\"noopener\"> \u00a0[mehr]<\/a><\/p>\n<p>[\/et_pb_blurb][\/et_pb_column][et_pb_column type=&#8220;1_5&#8243; _builder_version=&#8220;4.18.0&#8243; _module_preset=&#8220;default&#8220; global_colors_info=&#8220;{}&#8220;][et_pb_blurb title=&#8220;Ortsbeiratssitzung am 09.02.2024&#8243; image=&#8220;https:\/\/niederwald.info\/wp-content\/uploads\/2021\/07\/niederwald-stein.jpg&#8220; _builder_version=&#8220;4.24.0&#8243; _module_preset=&#8220;default&#8220; header_font=&#8220;Verdana||||||||&#8220; header_font_size=&#8220;13px&#8220; body_font=&#8220;Verdana||||||||&#8220; body_font_size=&#8220;13px&#8220; text_orientation=&#8220;center&#8220; global_colors_info=&#8220;{}&#8220;]<\/p>\n<p>Niederschrift <a href=\"https:\/\/niederwald.info\/wp-content\/uploads\/2024\/02\/090224_Niederschrift-Sitzung-OB-Niederwald_Homepage.pdf\" target=\"_blank\" rel=\"noopener\">[mehr]<\/a><\/p>\n<p>[\/et_pb_blurb][\/et_pb_column][\/et_pb_row][et_pb_row column_structure=&#8220;1_5,1_5,1_5,1_5,1_5&#8243; _builder_version=&#8220;4.18.0&#8243; _module_preset=&#8220;default&#8220; global_colors_info=&#8220;{}&#8220;][et_pb_column type=&#8220;1_5&#8243; _builder_version=&#8220;4.18.0&#8243; _module_preset=&#8220;default&#8220; global_colors_info=&#8220;{}&#8220;][et_pb_blurb title=&#8220;Ortsbeiratssitzung am 01.11.2023&#8243; image=&#8220;https:\/\/niederwald.info\/wp-content\/uploads\/2021\/07\/niederwald-stein.jpg&#8220; _builder_version=&#8220;4.23&#8243; _module_preset=&#8220;default&#8220; header_font=&#8220;Verdana||||||||&#8220; header_font_size=&#8220;14px&#8220; body_font=&#8220;Verdana||||||||&#8220; body_font_size=&#8220;13px&#8220; text_orientation=&#8220;center&#8220; global_colors_info=&#8220;{}&#8220;]<\/p>\n<p>Niederschrift \u00a0<a href=\"https:\/\/niederwald.info\/wp-content\/uploads\/2023\/11\/011123_Niederschrift-Sitzung-OB-Niederwald.pdf\" target=\"_blank\" rel=\"noopener\">[mehr]<\/a><\/p>\n<p>[\/et_pb_blurb][\/et_pb_column][et_pb_column type=&#8220;1_5&#8243; _builder_version=&#8220;4.18.0&#8243; _module_preset=&#8220;default&#8220; global_colors_info=&#8220;{}&#8220;][et_pb_blurb title=&#8220;Ortsbeiratssitzung am 21.07.2023&#8243; image=&#8220;https:\/\/niederwald.info\/wp-content\/uploads\/2021\/07\/niederwald-stein.jpg&#8220; _builder_version=&#8220;4.21.0&#8243; _module_preset=&#8220;default&#8220; header_font=&#8220;Verdana||||||||&#8220; header_font_size=&#8220;13px&#8220; body_font=&#8220;||||||||&#8220; body_font_size=&#8220;13px&#8220; text_orientation=&#8220;center&#8220; global_colors_info=&#8220;{}&#8220;]<\/p>\n<p>Niederschrift \u00a0<a href=\"https:\/\/niederwald.info\/wp-content\/uploads\/2023\/07\/210723_Niederschrift-Sitzung-OB-Niederwald.pdf\" target=\"_blank\" rel=\"noopener\">[mehr]<\/a><\/p>\n<p>[\/et_pb_blurb][\/et_pb_column][et_pb_column type=&#8220;1_5&#8243; _builder_version=&#8220;4.18.0&#8243; _module_preset=&#8220;default&#8220; global_colors_info=&#8220;{}&#8220;][et_pb_blurb title=&#8220;Ortsbeiratssitzung am 02.06.2023&#8243; image=&#8220;https:\/\/niederwald.info\/wp-content\/uploads\/2021\/07\/niederwald-stein.jpg&#8220; _builder_version=&#8220;4.21.0&#8243; _module_preset=&#8220;default&#8220; header_font=&#8220;Verdana||||||||&#8220; header_font_size=&#8220;13px&#8220; body_font=&#8220;||||||||&#8220; body_font_size=&#8220;13px&#8220; text_orientation=&#8220;center&#8220; global_colors_info=&#8220;{}&#8220;]<\/p>\n<p>Niederschrift \u00a0<a href=\"https:\/\/niederwald.info\/wp-content\/uploads\/2023\/06\/020623_Niederschrift-Sitzung-OB-Niederwald.pdf\" target=\"_blank\" rel=\"noopener\">[mehr]<\/a><\/p>\n<p>[\/et_pb_blurb][\/et_pb_column][et_pb_column type=&#8220;1_5&#8243; _builder_version=&#8220;4.18.0&#8243; _module_preset=&#8220;default&#8220; global_colors_info=&#8220;{}&#8220;][et_pb_blurb title=&#8220;Ortsbeiratssitzung am 05.04.2023&#8243; image=&#8220;https:\/\/niederwald.info\/wp-content\/uploads\/2021\/07\/niederwald-stein.jpg&#8220; _builder_version=&#8220;4.21.0&#8243; _module_preset=&#8220;default&#8220; header_font=&#8220;Verdana||||||||&#8220; header_text_align=&#8220;center&#8220; header_font_size=&#8220;13px&#8220; body_font=&#8220;Verdana||||||||&#8220; body_font_size=&#8220;13px&#8220; text_orientation=&#8220;center&#8220; global_colors_info=&#8220;{}&#8220;]<\/p>\n<p>Niederschrift \u00a0<a href=\"https:\/\/niederwald.info\/wp-content\/uploads\/2023\/05\/050423_Niederschrift-Sitzung-OB-Niederwald.pdf\" target=\"_blank\" rel=\"noopener\">[mehr]<\/a><\/p>\n<p>Pr\u00e4sentation Planungsb\u00fcro Fischer. Fl\u00e4chenpr\u00fcfung Ortslage Niederwald. <a href=\"https:\/\/niederwald.info\/wp-content\/uploads\/2023\/05\/Flaechenpruefung-Ortslage-Niederwald.pdf\" target=\"_blank\" rel=\"noopener\">[mehr]<\/a><\/p>\n<p>[\/et_pb_blurb][\/et_pb_column][et_pb_column type=&#8220;1_5&#8243; _builder_version=&#8220;4.18.0&#8243; _module_preset=&#8220;default&#8220; global_colors_info=&#8220;{}&#8220;][et_pb_blurb title=&#8220;Ortsbeiratssitzung am 24.02.2023&#8243; image=&#8220;https:\/\/niederwald.info\/wp-content\/uploads\/2021\/07\/niederwald-stein.jpg&#8220; _builder_version=&#8220;4.21.0&#8243; _module_preset=&#8220;default&#8220; header_font=&#8220;Verdana||||||||&#8220; header_font_size=&#8220;13px&#8220; body_font=&#8220;Verdana||||||||&#8220; body_font_size=&#8220;13px&#8220; text_orientation=&#8220;center&#8220; global_colors_info=&#8220;{}&#8220;]<\/p>\n<p>Niederschrift <a href=\"https:\/\/niederwald.info\/wp-content\/uploads\/2023\/02\/240223_Niederschrift-Sitzung-OB-Niederwald-Homepage.pdf\" target=\"_blank\" rel=\"noopener\">[mehr]<\/a><\/p>\n<p>[\/et_pb_blurb][\/et_pb_column][\/et_pb_row][et_pb_row column_structure=&#8220;1_5,1_5,1_5,1_5,1_5&#8243; _builder_version=&#8220;4.18.0&#8243; _module_preset=&#8220;default&#8220; global_colors_info=&#8220;{}&#8220;][et_pb_column type=&#8220;1_5&#8243; _builder_version=&#8220;4.18.0&#8243; _module_preset=&#8220;default&#8220; global_colors_info=&#8220;{}&#8220;][et_pb_blurb title=&#8220;Ortsbeiratssitzung am 25.11.2022&#8243; image=&#8220;https:\/\/niederwald.info\/wp-content\/uploads\/2021\/07\/niederwald-stein.jpg&#8220; _builder_version=&#8220;4.21.0&#8243; _module_preset=&#8220;default&#8220; header_font=&#8220;Verdana||||||||&#8220; header_font_size=&#8220;13px&#8220; body_font=&#8220;Verdana||||||||&#8220; body_font_size=&#8220;13px&#8220; text_orientation=&#8220;center&#8220; global_colors_info=&#8220;{}&#8220;]<\/p>\n<p>Niederschrift \u00a0<a href=\"https:\/\/niederwald.info\/wp-content\/uploads\/2022\/11\/251122_Niederschrift-Sitzung-OB-Niederwald-Homepage.pdf\" target=\"_blank\" rel=\"noopener\">[mehr]<\/a><\/p>\n<p>[\/et_pb_blurb][\/et_pb_column][et_pb_column type=&#8220;1_5&#8243; _builder_version=&#8220;4.18.0&#8243; _module_preset=&#8220;default&#8220; global_colors_info=&#8220;{}&#8220;][et_pb_blurb title=&#8220;Ortsbeiratssitzung am 23.09.2022&#8243; image=&#8220;https:\/\/niederwald.info\/wp-content\/uploads\/2021\/07\/niederwald-stein.jpg&#8220; _builder_version=&#8220;4.21.0&#8243; _module_preset=&#8220;default&#8220; header_font=&#8220;Verdana||||||||&#8220; header_font_size=&#8220;13px&#8220; body_font=&#8220;Verdana||||||||&#8220; body_font_size=&#8220;13px&#8220; text_orientation=&#8220;center&#8220; global_colors_info=&#8220;{}&#8220;]<\/p>\n<p>Niederschrift <a href=\"https:\/\/niederwald.info\/wp-content\/uploads\/2022\/09\/230922_Niederschrift-Sitzung-OB-Niederwald.pdf\" target=\"_blank\" rel=\"noopener\">\u00a0[mehr]<\/a><\/p>\n<p>[\/et_pb_blurb][\/et_pb_column][et_pb_column type=&#8220;1_5&#8243; _builder_version=&#8220;4.18.0&#8243; _module_preset=&#8220;default&#8220; global_colors_info=&#8220;{}&#8220;][et_pb_blurb title=&#8220;Ortsbeiratssitzung am 28.06.2022&#8243; image=&#8220;https:\/\/niederwald.info\/wp-content\/uploads\/2021\/07\/niederwald-stein.jpg&#8220; _builder_version=&#8220;4.21.0&#8243; _module_preset=&#8220;default&#8220; header_font=&#8220;Verdana||||||||&#8220; header_font_size=&#8220;13px&#8220; body_font=&#8220;Verdana||||||||&#8220; body_font_size=&#8220;13px&#8220; text_orientation=&#8220;center&#8220; global_colors_info=&#8220;{}&#8220;]<\/p>\n<p>Niederschrift \u00a0<a href=\"https:\/\/niederwald.info\/wp-content\/uploads\/2022\/07\/280622_Niederschrift.pdf\" target=\"_blank\" rel=\"noopener\">[mehr]<\/a><\/p>\n<p>[\/et_pb_blurb][\/et_pb_column][et_pb_column type=&#8220;1_5&#8243; _builder_version=&#8220;4.18.0&#8243; _module_preset=&#8220;default&#8220; global_colors_info=&#8220;{}&#8220;][et_pb_blurb title=&#8220;Ortsbeiratssitzung am 06.05.2022&#8243; image=&#8220;https:\/\/niederwald.info\/wp-content\/uploads\/2021\/07\/niederwald-stein.jpg&#8220; _builder_version=&#8220;4.21.0&#8243; _module_preset=&#8220;default&#8220; header_font=&#8220;Verdana||||||||&#8220; header_font_size=&#8220;13px&#8220; body_font=&#8220;Verdana||||||||&#8220; body_font_size=&#8220;13px&#8220; text_orientation=&#8220;center&#8220; global_colors_info=&#8220;{}&#8220;]<\/p>\n<p>Niederschrift <a href=\"https:\/\/niederwald.info\/wp-content\/uploads\/2022\/05\/060522_Niederschrift-Sitzung-OB-Niederwald_Homepage.pdf\" target=\"_blank\" rel=\"noopener\">[mehr]<\/a><\/p>\n<p>[\/et_pb_blurb][\/et_pb_column][et_pb_column type=&#8220;1_5&#8243; _builder_version=&#8220;4.18.0&#8243; _module_preset=&#8220;default&#8220; global_colors_info=&#8220;{}&#8220;][et_pb_blurb title=&#8220;Ortsbeiratssitzung am 23.03.2022&#8243; image=&#8220;https:\/\/niederwald.info\/wp-content\/uploads\/2021\/07\/niederwald-stein.jpg&#8220; _builder_version=&#8220;4.21.0&#8243; _module_preset=&#8220;default&#8220; header_font=&#8220;Verdana||||||||&#8220; header_font_size=&#8220;13px&#8220; body_font=&#8220;Verdana||||||||&#8220; body_font_size=&#8220;13px&#8220; text_orientation=&#8220;center&#8220; global_colors_info=&#8220;{}&#8220;]<\/p>\n<p>Niederschrift <a href=\"https:\/\/niederwald.info\/wp-content\/uploads\/2022\/03\/230322_Niederschrift.pdf\" target=\"_blank\" rel=\"noopener\">[mehr]<\/a><\/p>\n<p>[\/et_pb_blurb][\/et_pb_column][\/et_pb_row][et_pb_row column_structure=&#8220;1_5,1_5,1_5,1_5,1_5&#8243; _builder_version=&#8220;4.18.0&#8243; _module_preset=&#8220;default&#8220; global_colors_info=&#8220;{}&#8220;][et_pb_column type=&#8220;1_5&#8243; _builder_version=&#8220;4.18.0&#8243; _module_preset=&#8220;default&#8220; global_colors_info=&#8220;{}&#8220;][et_pb_blurb title=&#8220;Ortsbeiratssitzung am 18.02.2022&#8243; image=&#8220;https:\/\/niederwald.info\/wp-content\/uploads\/2021\/07\/niederwald-stein.jpg&#8220; _builder_version=&#8220;4.21.0&#8243; _module_preset=&#8220;default&#8220; header_font=&#8220;Verdana||||||||&#8220; header_font_size=&#8220;13px&#8220; body_font=&#8220;Verdana||||||||&#8220; body_font_size=&#8220;13px&#8220; text_orientation=&#8220;center&#8220; global_colors_info=&#8220;{}&#8220;]<\/p>\n<p>Niederschrift <span>[<\/span><a href=\"https:\/\/niederwald.info\/wp-content\/uploads\/2022\/02\/180222_Niederschrift-Sitzung-OB-Niederwald-1.pdf\" target=\"_blank\" rel=\"noopener\">mehr]<\/a><\/p>\n<p>[\/et_pb_blurb][\/et_pb_column][et_pb_column type=&#8220;1_5&#8243; _builder_version=&#8220;4.18.0&#8243; _module_preset=&#8220;default&#8220; global_colors_info=&#8220;{}&#8220;][et_pb_blurb title=&#8220;Ortsbeiratssitzung am 03.11.2021&#8243; image=&#8220;https:\/\/niederwald.info\/wp-content\/uploads\/2021\/07\/niederwald-stein.jpg&#8220; _builder_version=&#8220;4.21.0&#8243; _module_preset=&#8220;default&#8220; header_font=&#8220;Verdana||||||||&#8220; header_font_size=&#8220;13px&#8220; body_font=&#8220;Verdana||||||||&#8220; body_font_size=&#8220;13px&#8220; text_orientation=&#8220;center&#8220; global_colors_info=&#8220;{}&#8220;]<\/p>\n<p>Niederschrift <a href=\"https:\/\/niederwald.info\/wp-content\/uploads\/2022\/01\/031121_Niederschrift-1.pdf\" target=\"_blank\" rel=\"noopener\">[mehr]<\/a><\/p>\n<p>[\/et_pb_blurb][\/et_pb_column][et_pb_column type=&#8220;1_5&#8243; _builder_version=&#8220;4.18.0&#8243; _module_preset=&#8220;default&#8220; global_colors_info=&#8220;{}&#8220;][et_pb_blurb title=&#8220;Ortsbeiratssitzung am 20.07.2021&#8243; image=&#8220;https:\/\/niederwald.info\/wp-content\/uploads\/2021\/07\/niederwald-stein.jpg&#8220; _builder_version=&#8220;4.21.0&#8243; _module_preset=&#8220;default&#8220; header_font=&#8220;Verdana||||||||&#8220; header_font_size=&#8220;13px&#8220; body_font=&#8220;Verdana||||||||&#8220; body_font_size=&#8220;13px&#8220; text_orientation=&#8220;center&#8220; global_colors_info=&#8220;{}&#8220;]<\/p>\n<p>Niederschrift <a href=\"https:\/\/niederwald.info\/wp-content\/uploads\/2021\/11\/200721_Niederschrift.pdf\" target=\"_blank\" rel=\"noopener\">[mehr]<\/a><\/p>\n<p>[\/et_pb_blurb][\/et_pb_column][et_pb_column type=&#8220;1_5&#8243; _builder_version=&#8220;4.18.0&#8243; _module_preset=&#8220;default&#8220; global_colors_info=&#8220;{}&#8220;][et_pb_blurb title=&#8220;Ortsbeiratssitzung am 02.06.2021&#8243; image=&#8220;https:\/\/niederwald.info\/wp-content\/uploads\/2021\/07\/niederwald-stein.jpg&#8220; _builder_version=&#8220;4.21.0&#8243; _module_preset=&#8220;default&#8220; header_font=&#8220;Verdana||||||||&#8220; header_font_size=&#8220;13px&#8220; body_font=&#8220;Verdana||||||||&#8220; body_font_size=&#8220;13px&#8220; text_orientation=&#8220;center&#8220; global_colors_info=&#8220;{}&#8220;]<\/p>\n<p>Niederschrift <a href=\"https:\/\/niederwald.info\/wp-content\/uploads\/2021\/11\/020621_Niederschrift.pdf\" target=\"_blank\" rel=\"noopener\">[mehr]<\/a><\/p>\n<p>[\/et_pb_blurb][\/et_pb_column][et_pb_column type=&#8220;1_5&#8243; _builder_version=&#8220;4.18.0&#8243; _module_preset=&#8220;default&#8220; global_colors_info=&#8220;{}&#8220;][et_pb_blurb title=&#8220;Ortsbeiratssitzung am 16.04.2021&#8243; image=&#8220;https:\/\/niederwald.info\/wp-content\/uploads\/2021\/07\/niederwald-stein.jpg&#8220; _builder_version=&#8220;4.21.0&#8243; _module_preset=&#8220;default&#8220; header_font=&#8220;Verdana||||||||&#8220; header_font_size=&#8220;13px&#8220; body_font=&#8220;Verdana||||||||&#8220; body_font_size=&#8220;13px&#8220; text_orientation=&#8220;center&#8220; global_colors_info=&#8220;{}&#8220;]<\/p>\n<p>Niederschrift konstituierende Sitzung <a href=\"https:\/\/niederwald.info\/wp-content\/uploads\/2021\/11\/Niederschrift_Konstituierende_Sitzung.pdf\" target=\"_blank\" rel=\"noopener\">[mehr]<\/a><\/p>\n<p>[\/et_pb_blurb][\/et_pb_column][\/et_pb_row][et_pb_row _builder_version=&#8220;4.18.0&#8243; _module_preset=&#8220;default&#8220; global_colors_info=&#8220;{}&#8220;][et_pb_column type=&#8220;4_4&#8243; _builder_version=&#8220;4.18.0&#8243; _module_preset=&#8220;default&#8220; global_colors_info=&#8220;{}&#8220;][et_pb_divider _builder_version=&#8220;4.18.0&#8243; _module_preset=&#8220;default&#8220; global_colors_info=&#8220;{}&#8220;][\/et_pb_divider][\/et_pb_column][\/et_pb_row][\/et_pb_section]<\/p>\n","protected":false},"excerpt":{"rendered":"<p>Niederschriften der OrtsbeiratssitzungenNiederschrift [mehr]NiederschriftNiederschriftNiederschriftNiederschrift \u00a0[mehr]Niederschrift\u00a0[mehr]\u00a0Niederschrift \u00a0[mehr]Niederschrift [mehr]Niederschrift \u00a0[mehr]Niederschrift \u00a0[mehr]Niederschrift \u00a0[mehr]Niederschrift \u00a0[mehr] Pr\u00e4sentation Planungsb\u00fcro Fischer. Fl\u00e4chenpr\u00fcfung Ortslage Niederwald. [mehr]Niederschrift [mehr]Niederschrift \u00a0[mehr]Niederschrift \u00a0[mehr]Niederschrift \u00a0[mehr]Niederschrift [mehr]Niederschrift [mehr]Niederschrift [mehr]Niederschrift [mehr]Niederschrift [mehr]Niederschrift [mehr]Niederschrift konstituierende Sitzung [mehr]<\/p>\n","protected":false},"author":1,"featured_media":0,"parent":0,"menu_order":0,"comment_status":"closed","ping_status":"closed","template":"","meta":{"_et_pb_use_builder":"on","_et_pb_old_content":"","_et_gb_content_width":"","footnotes":""},"class_list":["post-391","page","type-page","status-publish","hentry"],"_links":{"self":[{"href":"https:\/\/niederwald.info\/index.php?rest_route=\/wp\/v2\/pages\/391","targetHints":{"allow":["GET"]}}],"collection":[{"href":"https:\/\/niederwald.info\/index.php?rest_route=\/wp\/v2\/pages"}],"about":[{"href":"https:\/\/niederwald.info\/index.php?rest_route=\/wp\/v2\/types\/page"}],"author":[{"embeddable":true,"href":"https:\/\/niederwald.info\/index.php?rest_route=\/wp\/v2\/users\/1"}],"replies":[{"embeddable":true,"href":"https:\/\/niederwald.info\/index.php?rest_route=%2Fwp%2Fv2%2Fcomments&post=391"}],"version-history":[{"count":48,"href":"https:\/\/niederwald.info\/index.php?rest_route=\/wp\/v2\/pages\/391\/revisions"}],"predecessor-version":[{"id":1645,"href":"https:\/\/niederwald.info\/index.php?rest_route=\/wp\/v2\/pages\/391\/revisions\/1645"}],"wp:attachment":[{"href":"https:\/\/niederwald.info\/index.php?rest_route=%2Fwp%2Fv2%2Fmedia&parent=391"}],"curies":[{"name":"wp","href":"https:\/\/api.w.org\/{rel}","templated":true}]}}