{"id":77,"date":"2021-06-16T09:10:19","date_gmt":"2021-06-16T09:10:19","guid":{"rendered":"https:\/\/niederwald.info\/?page_id=77"},"modified":"2023-05-05T14:34:58","modified_gmt":"2023-05-05T14:34:58","slug":"77-2","status":"publish","type":"page","link":"https:\/\/niederwald.info\/?page_id=77","title":{"rendered":"Niederwald"},"content":{"rendered":"<p>[et_pb_section fb_built=&#8220;1&#8243; _builder_version=&#8220;4.16&#8243; _module_preset=&#8220;default&#8220; use_background_color_gradient=&#8220;on&#8220; background_color_gradient_direction=&#8220;1deg&#8220; background_color_gradient_stops=&#8220;#e0d0b1 0%|rgba(0,0,0,0) 100%&#8220; background_color_gradient_start=&#8220;#e0d0b1&#8243; background_color_gradient_end=&#8220;rgba(0,0,0,0)&#8220; global_colors_info=&#8220;{}&#8220;][et_pb_row _builder_version=&#8220;4.18.0&#8243; _module_preset=&#8220;default&#8220; width=&#8220;100%&#8220; custom_padding=&#8220;0px||||false|false&#8220; global_colors_info=&#8220;{}&#8220;][et_pb_column type=&#8220;4_4&#8243; _builder_version=&#8220;4.18.0&#8243; _module_preset=&#8220;default&#8220; global_colors_info=&#8220;{}&#8220;][et_pb_image src=&#8220;https:\/\/niederwald.info\/wp-content\/uploads\/2022\/09\/header001.png&#8220; title_text=&#8220;header001&#8243; _builder_version=&#8220;4.18.0&#8243; _module_preset=&#8220;default&#8220; global_colors_info=&#8220;{}&#8220;][\/et_pb_image][\/et_pb_column][\/et_pb_row][et_pb_row _builder_version=&#8220;4.16&#8243; _module_preset=&#8220;default&#8220; global_colors_info=&#8220;{}&#8220;][et_pb_column type=&#8220;4_4&#8243; _builder_version=&#8220;4.16&#8243; _module_preset=&#8220;default&#8220; global_colors_info=&#8220;{}&#8220;][et_pb_text _builder_version=&#8220;4.21.0&#8243; _module_preset=&#8220;default&#8220; text_font=&#8220;Verdana||||||||&#8220; hover_enabled=&#8220;0&#8243; global_colors_info=&#8220;{}&#8220; sticky_enabled=&#8220;0&#8243;]<\/p>\n<p>Niederwald liegt knapp 3 km Kilometer von Kirchhain am Rande des Am\u00f6neburger Beckens in der Aue der Ohm an der zum Schutz der Ortschaften etwa s\u00fcd\u00f6stlich des Dorfs das Hochwasserr\u00fcckhaltebecken Kirchhain\/Ohm liegt. N\u00f6rdlich vorbei an der Ortschaft verl\u00e4uft etwa in Nordwest-S\u00fcdost-Richtung die Bundesstra\u00dfe 62.<\/p>\n<p>Rund 800 Einwohnerinnen und Einwohner hat Niederwald. Der Stadtteil feierte 2018 sein 775 j\u00e4hriges Bestehen. Das Fest wurde organisiert von der Dorfgemeinschaft. Das ganze Dorf war an den Festtagen auf den Beinen und konnte Besucherinnen und Besucher von Nah und Fern begr\u00fc\u00dfen.<\/p>\n<p>Niederwald ist g\u00fcnstig gelegen zum Einkaufen in Kirchhain und Umgebung. Beg\u00fcnstigt wird das Ganze durch die direkte Anbindung an die B62 sowie den regelm\u00e4\u00dfigen Linienbusverkehr.<\/p>\n<p>Besonders erw\u00e4hnenswert ist die Lage des Stadtteiles. Unmittelbar an Niederwald grenzt das Naturschutzgebiet \u201eErlensee\u201c, Ausgangspunkt f\u00fcr Spazierg\u00e4nge auf dem Skulpturenpfad, Baum des Jahres sowie verschiedenen Spazierwegen.<\/p>\n<p>Der Baggersee direkt daneben bietet den Surfern und Seglern des Landkreises Marburg-Biedenkopf eine der wenigen vorhandenen Wassersportm\u00f6glichkeiten. Betreiber der Fl\u00e4che ist die Abteilung Surfen und Segeln des TSV 1886 Kirchhain und auch der Fischereiverein Kirchhain hat sein Vereinsgel\u00e4nde nahe Niederwald.<\/p>\n<p>Besonders erw\u00e4hnenswert ist das Vereinsleben von Niederwald. Der gr\u00f6\u00dfte Verein mit \u00fcber 700 Mitgliedern ist der FC Bayern Fan Club Ohmtal.<\/p>\n<p>Der Sportverein VfR Niederwald hat drei Unterabteilungen (Damengymnastikgruppe, 1 und 2 Mannschaft Alten Herren).<\/p>\n<p>Ferner ist die Freiwillige Feuerwehr Niederwald mit den Abteilungen Bambini-, Jugendfeuerwehr, Einsatzabteilung und Alters- und Ehrenabteilung Teil des Vereinslebens. Die Bambinis werden ab dem 6. Lebensjahr spielerisch an die Aufgaben der Feuerwehr herangef\u00fchrt. Somit ist der Erhalt der Jugendfeuerwehr und der Nachwuchs f\u00fcr die Einsatzabteilung gesichert.<\/p>\n<p>Der Dorfversch\u00f6nerungsverein setzt sich f\u00fcr die Belange der Grillh\u00fctte (hat diese in Stand gesetzt) und die Pflege der \u00f6ffentlichen Fl\u00e4chen ein.<\/p>\n<p>Der M\u00e4nnergesangverein ist weit \u00fcber die Ortsgrenze von Niederwald durch seine musikalischen Vortr\u00e4ge bekannt.<\/p>\n<p>Der Kirchenchor und der Posaunenchor sind weitere Musikvereine, die insbesondere die Gottesdienste im Ort mit gestalten. Auch die Burschenschaft und der Alters- und Ehe-Club sind Vereine Niederwalds.<\/p>\n<p>Alle Vereine bieten eine Jugendarbeit an und integrieren die Kleinsten in ihre Vereinsarbeit.<br \/>Ebenfalls ein wichtiger Pfeiler der Dorfgemeinschaft ist die \u00f6rtliche Friedhofspflege, bei der viele ehrenamtliche Helfer, jeder Altersgruppe t\u00e4tig sind.<\/p>\n<p>[\/et_pb_text][\/et_pb_column][\/et_pb_row][\/et_pb_section]<\/p>\n","protected":false},"excerpt":{"rendered":"<p>Niederwald liegt knapp 3 km Kilometer von Kirchhain am Rande des Am\u00f6neburger Beckens in der Aue der Ohm an der zum Schutz der Ortschaften etwa s\u00fcd\u00f6stlich des Dorfs das Hochwasserr\u00fcckhaltebecken Kirchhain\/Ohm liegt. N\u00f6rdlich vorbei an der Ortschaft verl\u00e4uft etwa in Nordwest-S\u00fcdost-Richtung die Bundesstra\u00dfe 62. Rund 800 Einwohnerinnen und Einwohner hat Niederwald. Der Stadtteil feierte 2018 [&hellip;]<\/p>\n","protected":false},"author":1,"featured_media":0,"parent":0,"menu_order":0,"comment_status":"closed","ping_status":"closed","template":"","meta":{"_et_pb_use_builder":"on","_et_pb_old_content":"","_et_gb_content_width":"","footnotes":""},"class_list":["post-77","page","type-page","status-publish","hentry"],"_links":{"self":[{"href":"https:\/\/niederwald.info\/index.php?rest_route=\/wp\/v2\/pages\/77","targetHints":{"allow":["GET"]}}],"collection":[{"href":"https:\/\/niederwald.info\/index.php?rest_route=\/wp\/v2\/pages"}],"about":[{"href":"https:\/\/niederwald.info\/index.php?rest_route=\/wp\/v2\/types\/page"}],"author":[{"embeddable":true,"href":"https:\/\/niederwald.info\/index.php?rest_route=\/wp\/v2\/users\/1"}],"replies":[{"embeddable":true,"href":"https:\/\/niederwald.info\/index.php?rest_route=%2Fwp%2Fv2%2Fcomments&post=77"}],"version-history":[{"count":8,"href":"https:\/\/niederwald.info\/index.php?rest_route=\/wp\/v2\/pages\/77\/revisions"}],"predecessor-version":[{"id":1475,"href":"https:\/\/niederwald.info\/index.php?rest_route=\/wp\/v2\/pages\/77\/revisions\/1475"}],"wp:attachment":[{"href":"https:\/\/niederwald.info\/index.php?rest_route=%2Fwp%2Fv2%2Fmedia&parent=77"}],"curies":[{"name":"wp","href":"https:\/\/api.w.org\/{rel}","templated":true}]}}